{"id":3344,"date":"2025-04-16T23:35:53","date_gmt":"2025-04-16T21:35:53","guid":{"rendered":"https:\/\/luzgrandhotel.fr\/bar-le-clipper\/"},"modified":"2025-09-30T01:01:30","modified_gmt":"2025-09-29T23:01:30","slug":"le-clipper-bar","status":"publish","type":"page","link":"https:\/\/luzgrandhotel.fr\/en\/le-clipper-bar\/","title":{"rendered":"Bar Le Clipper"},"content":{"rendered":"\t\t<div data-elementor-type=\"wp-page\" data-elementor-id=\"3344\" class=\"elementor elementor-3344 elementor-33\" data-elementor-post-type=\"page\">\n\t\t\t\t<div class=\"elementor-element elementor-element-5d838ecd e-con-full header-page e-flex e-con e-parent\" data-id=\"5d838ecd\" data-element_type=\"container\" data-e-type=\"container\" data-settings=\"{&quot;background_background&quot;:&quot;classic&quot;,&quot;background_motion_fx_motion_fx_scrolling&quot;:&quot;yes&quot;,&quot;background_motion_fx_translateY_effect&quot;:&quot;yes&quot;,&quot;background_motion_fx_translateY_speed&quot;:{&quot;unit&quot;:&quot;px&quot;,&quot;size&quot;:4,&quot;sizes&quot;:[]},&quot;background_motion_fx_translateY_affectedRange&quot;:{&quot;unit&quot;:&quot;%&quot;,&quot;size&quot;:&quot;&quot;,&quot;sizes&quot;:{&quot;start&quot;:0,&quot;end&quot;:100}},&quot;background_motion_fx_devices&quot;:[&quot;desktop&quot;,&quot;tablet&quot;,&quot;mobile&quot;]}\">\n\t\t\t\t<\/div>\n\t\t<div class=\"elementor-element elementor-element-81be85c e-flex e-con-boxed e-con e-parent\" data-id=\"81be85c\" data-element_type=\"container\" data-e-type=\"container\">\n\t\t\t\t\t<div class=\"e-con-inner\">\n\t\t\t\t<div class=\"elementor-element elementor-element-9c61968 elementor-align-center elementor-widget elementor-widget-breadcrumbs\" data-id=\"9c61968\" data-element_type=\"widget\" data-e-type=\"widget\" data-widget_type=\"breadcrumbs.default\">\n\t\t\t\t\t<p id=\"breadcrumbs\"><span><span><a href=\"https:\/\/luzgrandhotel.fr\/en\/home\/\">Home<\/a><\/span><\/span><\/p>\t\t\t\t<\/div>\n\t\t\t\t\t<\/div>\n\t\t\t\t<\/div>\n\t\t<section class=\"elementor-element elementor-element-47a57a4 e-flex e-con-boxed e-con e-parent\" data-id=\"47a57a4\" data-element_type=\"container\" data-e-type=\"container\" data-settings=\"{&quot;background_background&quot;:&quot;classic&quot;}\">\n\t\t\t\t\t<div class=\"e-con-inner\">\n\t\t<div class=\"elementor-element elementor-element-c0ec9b2 e-con-full e-transform e-flex e-con e-child\" data-id=\"c0ec9b2\" data-element_type=\"container\" data-e-type=\"container\" data-settings=\"{&quot;motion_fx_motion_fx_scrolling&quot;:&quot;yes&quot;,&quot;motion_fx_translateY_effect&quot;:&quot;yes&quot;,&quot;_transform_translateX_effect&quot;:{&quot;unit&quot;:&quot;px&quot;,&quot;size&quot;:10,&quot;sizes&quot;:[]},&quot;_transform_translateY_effect&quot;:{&quot;unit&quot;:&quot;px&quot;,&quot;size&quot;:-38,&quot;sizes&quot;:[]},&quot;motion_fx_devices&quot;:[&quot;desktop&quot;],&quot;_transform_translateX_effect_mobile&quot;:{&quot;unit&quot;:&quot;px&quot;,&quot;size&quot;:0,&quot;sizes&quot;:[]},&quot;_transform_translateY_effect_mobile&quot;:{&quot;unit&quot;:&quot;px&quot;,&quot;size&quot;:0,&quot;sizes&quot;:[]},&quot;motion_fx_translateY_speed&quot;:{&quot;unit&quot;:&quot;px&quot;,&quot;size&quot;:4,&quot;sizes&quot;:[]},&quot;motion_fx_translateY_affectedRange&quot;:{&quot;unit&quot;:&quot;%&quot;,&quot;size&quot;:&quot;&quot;,&quot;sizes&quot;:{&quot;start&quot;:0,&quot;end&quot;:100}},&quot;_transform_translateX_effect_tablet&quot;:{&quot;unit&quot;:&quot;px&quot;,&quot;size&quot;:&quot;&quot;,&quot;sizes&quot;:[]},&quot;_transform_translateY_effect_tablet&quot;:{&quot;unit&quot;:&quot;px&quot;,&quot;size&quot;:&quot;&quot;,&quot;sizes&quot;:[]}}\">\n\t\t\t\t<div class=\"elementor-element elementor-element-aaccfbb elementor-widget elementor-widget-image\" data-id=\"aaccfbb\" data-element_type=\"widget\" data-e-type=\"widget\" data-widget_type=\"image.default\">\n\t\t\t\t\t\t\t\t\t\t\t\t\t\t\t<img fetchpriority=\"high\" decoding=\"async\" width=\"683\" height=\"1024\" src=\"https:\/\/luzgrandhotel.fr\/wp-content\/uploads\/2025\/05\/GD-HOTEL-2024-BD-\u00a9E.Gentils-90-683x1024.jpg\" class=\"attachment-large size-large wp-image-1494\" alt=\"le clipper saint jean de luz\u200b\" srcset=\"https:\/\/luzgrandhotel.fr\/wp-content\/uploads\/2025\/05\/GD-HOTEL-2024-BD-\u00a9E.Gentils-90-683x1024.jpg 683w, https:\/\/luzgrandhotel.fr\/wp-content\/uploads\/2025\/05\/GD-HOTEL-2024-BD-\u00a9E.Gentils-90-200x300.jpg 200w, https:\/\/luzgrandhotel.fr\/wp-content\/uploads\/2025\/05\/GD-HOTEL-2024-BD-\u00a9E.Gentils-90-768x1152.jpg 768w, https:\/\/luzgrandhotel.fr\/wp-content\/uploads\/2025\/05\/GD-HOTEL-2024-BD-\u00a9E.Gentils-90-1024x1536.jpg 1024w, https:\/\/luzgrandhotel.fr\/wp-content\/uploads\/2025\/05\/GD-HOTEL-2024-BD-\u00a9E.Gentils-90-1365x2048.jpg 1365w, https:\/\/luzgrandhotel.fr\/wp-content\/uploads\/2025\/05\/GD-HOTEL-2024-BD-\u00a9E.Gentils-90.jpg 1440w\" sizes=\"(max-width: 683px) 100vw, 683px\" \/>\t\t\t\t\t\t\t\t\t\t\t\t\t\t\t<\/div>\n\t\t\t\t<\/div>\n\t\t<div class=\"elementor-element elementor-element-123b4b2 e-con-full e-flex e-con e-child\" data-id=\"123b4b2\" data-element_type=\"container\" data-e-type=\"container\" data-settings=\"{&quot;background_background&quot;:&quot;classic&quot;}\">\n\t\t\t\t<div class=\"elementor-element elementor-element-ed58020 elementor-invisible elementor-widget elementor-widget-heading\" data-id=\"ed58020\" data-element_type=\"widget\" data-e-type=\"widget\" data-settings=\"{&quot;_animation&quot;:&quot;slideInUp&quot;}\" data-widget_type=\"heading.default\">\n\t\t\t\t\t<p class=\"elementor-heading-title elementor-size-default\">The Grand Hotel bar<\/p>\t\t\t\t<\/div>\n\t\t\t\t<div class=\"elementor-element elementor-element-60418e4 elementor-invisible elementor-widget elementor-widget-heading\" data-id=\"60418e4\" data-element_type=\"widget\" data-e-type=\"widget\" data-settings=\"{&quot;_animation&quot;:&quot;slideInUp&quot;}\" data-widget_type=\"heading.default\">\n\t\t\t\t\t<h2 class=\"elementor-heading-title elementor-size-default\">The Clipper<\/h2>\t\t\t\t<\/div>\n\t\t\t\t<div class=\"elementor-element elementor-element-c2fbea6 elementor-invisible elementor-widget elementor-widget-text-editor\" data-id=\"c2fbea6\" data-element_type=\"widget\" data-e-type=\"widget\" data-settings=\"{&quot;_animation&quot;:&quot;slideInUp&quot;}\" data-widget_type=\"text-editor.default\">\n\t\t\t\t\t\t\t\t\t<p>A cosy, warm space with a British accent.<\/p>\n<p>Great classics and new cocktails are served in front of an incredible 180\u00b0 view of the ocean.<\/p>\n<p>Tea-time and snacks at any time of day make this lively, intimate venue the ideal place to satisfy your sweet tooth!<\/p>\n<p>Enjoy the moment with a unique cocktail, inspired by the great classics or more contemporary creations&#8230;<\/p>\n<p><b>The Clipper bar is open from 11am to 11pm.&nbsp;<\/b><\/p>\t\t\t\t\t\t\t\t<\/div>\n\t\t\t\t<div class=\"elementor-element elementor-element-d35f084 elementor-mobile-align-justify elementor-widget elementor-widget-button\" data-id=\"d35f084\" data-element_type=\"widget\" data-e-type=\"widget\" data-widget_type=\"button.default\">\n\t\t\t\t\t\t\t\t\t\t<a class=\"elementor-button elementor-button-link elementor-size-sm\" href=\"\/carte-bar-en\/\" target=\"_blank\">\n\t\t\t\t\t\t<span class=\"elementor-button-content-wrapper\">\n\t\t\t\t\t\t\t\t\t<span class=\"elementor-button-text\">View map<\/span>\n\t\t\t\t\t<\/span>\n\t\t\t\t\t<\/a>\n\t\t\t\t\t\t\t\t<\/div>\n\t\t\t\t<\/div>\n\t\t\t\t\t<\/div>\n\t\t\t\t<\/section>\n\t\t<section class=\"elementor-element elementor-element-22ff16f e-flex e-con-boxed e-con e-parent\" data-id=\"22ff16f\" data-element_type=\"container\" data-e-type=\"container\">\n\t\t\t\t\t<div class=\"e-con-inner\">\n\t\t\t\t<div class=\"elementor-element elementor-element-3bab271 bdt-ps-blur-effect--yes elementor-widget elementor-widget-prime-slider-dragon\" data-id=\"3bab271\" data-element_type=\"widget\" data-e-type=\"widget\" data-widget_type=\"prime-slider-dragon.default\">\n\t\t\t\t\t\t\t<div class=\"bdt-prime-slider\">\n\t\t\t<div class=\"bdt-prime-slider-dragon\">\n\t\t\t\t<div class=\"bdt-position-relative bdt-visible-toggle\" data-settings=\"{&quot;id&quot;:&quot;#bdt-3bab271&quot;,&quot;animation_status&quot;:&quot;no&quot;}\" id=\"bdt-3bab271\" bdt-slideshow=\"{&quot;animation&quot;:&quot;fade&quot;,&quot;ratio&quot;:&quot;16:9&quot;,&quot;min-height&quot;:600,&quot;autoplay&quot;:true,&quot;autoplay-interval&quot;:7000,&quot;pause-on-hover&quot;:false,&quot;velocity&quot;:1,&quot;finite&quot;:false}\">\n\t\t\t\t\t<ul class=\"bdt-slideshow-items\">\n\t\t\t\t\t\t\t\t<li class=\"bdt-slideshow-item bdt-flex bdt-flex-middle elementor-repeater-item-0305ecf\">\n\n\t\t\t<div class=\"bdt-ps-dragon-bg\">\n\t\t\t\t\n\t\t\t\t\t\t<div class=\"bdt-ps-slide-img\"\n\t\t\t\t\t\t\tstyle=\"background-image: url('https:\/\/luzgrandhotel.fr\/wp-content\/uploads\/2025\/06\/tapas-bar-egentil-grand-hotel-scaled.jpg')\"><\/div>\n\n\t\t\t\t\t\t\t\t\t<\/div>\n\n\t\t\t<div class=\"bdt-ps-dragon-slide-image\">\n\t\t\t\t\n\t\t\t\t\t\t<div class=\"bdt-ps-slide-img\"\n\t\t\t\t\t\t\tstyle=\"background-image: url('https:\/\/luzgrandhotel.fr\/wp-content\/uploads\/2025\/06\/tapas-bar-egentil-grand-hotel-scaled.jpg')\"><\/div>\n\n\t\t\t\t\t\t\t\t\t<\/div>\n\n\t\t\t\t\t\t\n\t\t\t\t\t<div class=\"bdt-prime-slider-wrapper\">\n\t\t\t<div class=\"bdt-prime-slider-content\">\n\n\t\t\t\t\t\t\t\t\t<div class=\"bdt-sub-title\">\n\n\t\t\t\t\t\t<p class=\"bdt-sub-title-inner\" data-bdt-slideshow-parallax=\"x: 100,-100; opacity: 1,1,0\" data-reveal=\"reveal-active\">\n                            Petite faim                        <\/p>\n\n\t\t\t\t\t<\/div>\n\t\t\t\t\n\t\t\t\t\t\t\t\t\t<div class=\"bdt-main-title\">\n\t\t\t\t\t\t<h2 class=\"bdt-title-tag\" data-bdt-slideshow-parallax=\"x: 200,-200; opacity: 1,1,0\"  data-reveal=\"reveal-active\">\n\t\t\t\t\t\t\t\t\t\t\t\t\t\t\t<span class=\"frist-word\">Tapas<\/span> &amp; Encas\u200b\t\t\t\t\t\t\t\t\t\t\t\t\t\t<\/h2>\n\t\t\t\t\t<\/div>\n\t\t\t\t\n\t\t\t\t\t\t\t\t\t<div class=\"bdt-slider-excerpt\" data-reveal=\"reveal-active\" data-bdt-slideshow-parallax=\"x: 300,-300; opacity: 1,1,0\">\n\t\t\t\t\t\t<p>Planches, Salade, Burger, Assiette de fromages...<\/p><p>- de 10 \u00e0 25 \u20ac -<\/p>\t\t\t\t\t<\/div>\n\t\t\t\t\n\t\t\t\t<div data-bdt-slideshow-parallax=\"x: 400,-400; opacity: 1,1,0\">\n\t\t\t\t\t\n\t\t\t\t\t\t<\/div>\n\t\t\t\t\t\n\t\t\t<\/div>\n\t\t<\/div>\n        \n\t\t<\/li>\n        \t\t<li class=\"bdt-slideshow-item bdt-flex bdt-flex-middle elementor-repeater-item-2dff002\">\n\n\t\t\t<div class=\"bdt-ps-dragon-bg\">\n\t\t\t\t\n\t\t\t\t\t\t<div class=\"bdt-ps-slide-img\"\n\t\t\t\t\t\t\tstyle=\"background-image: url('https:\/\/luzgrandhotel.fr\/wp-content\/uploads\/2025\/06\/afternoon-tea-grand-hotel-scaled.jpg')\"><\/div>\n\n\t\t\t\t\t\t\t\t\t<\/div>\n\n\t\t\t<div class=\"bdt-ps-dragon-slide-image\">\n\t\t\t\t\n\t\t\t\t\t\t<div class=\"bdt-ps-slide-img\"\n\t\t\t\t\t\t\tstyle=\"background-image: url('https:\/\/luzgrandhotel.fr\/wp-content\/uploads\/2025\/06\/afternoon-tea-grand-hotel-scaled.jpg')\"><\/div>\n\n\t\t\t\t\t\t\t\t\t<\/div>\n\n\t\t\t\t\t\t\n\t\t\t\t\t<div class=\"bdt-prime-slider-wrapper\">\n\t\t\t<div class=\"bdt-prime-slider-content\">\n\n\t\t\t\t\t\t\t\t\t<div class=\"bdt-sub-title\">\n\n\t\t\t\t\t\t<p class=\"bdt-sub-title-inner\" data-bdt-slideshow-parallax=\"x: 100,-100; opacity: 1,1,0\" data-reveal=\"reveal-active\">\n                            Toute la journ\u00e9e                        <\/p>\n\n\t\t\t\t\t<\/div>\n\t\t\t\t\n\t\t\t\t\t\t\t\t\t<div class=\"bdt-main-title\">\n\t\t\t\t\t\t<h2 class=\"bdt-title-tag\" data-bdt-slideshow-parallax=\"x: 200,-200; opacity: 1,1,0\"  data-reveal=\"reveal-active\">\n\t\t\t\t\t\t\t\t\t\t\t\t\t\t\t<span class=\"frist-word\">Afternoon<\/span> Tea\t\t\t\t\t\t\t\t\t\t\t\t\t\t<\/h2>\n\t\t\t\t\t<\/div>\n\t\t\t\t\n\t\t\t\t\t\t\t\t\t<div class=\"bdt-slider-excerpt\" data-reveal=\"reveal-active\" data-bdt-slideshow-parallax=\"x: 300,-300; opacity: 1,1,0\">\n\t\t\t\t\t\t<p>Les gourmandises du Chef : Paris Brest, G\u00e2teau Basque, Tartelette citron meringu\u00e9e, Tartelette aux fraises, Tartelette au chocolat, Macaron framboise, Mille feuille...<\/p><p>D\u00e9couvrez aussi les infus\u00e9s, Les torr\u00e9fi\u00e9s &amp; chocolat\u00e9s<\/p>\t\t\t\t\t<\/div>\n\t\t\t\t\n\t\t\t\t<div data-bdt-slideshow-parallax=\"x: 400,-400; opacity: 1,1,0\">\n\t\t\t\t\t\n\t\t\t\t\t\t<\/div>\n\t\t\t\t\t\n\t\t\t<\/div>\n\t\t<\/div>\n        \n\t\t<\/li>\n        \n\t\t\t\t\t<\/ul>\n\n\t\t\t\t\t            \n                <ul class=\"bdt-slideshow-nav bdt-dotnav bdt-dotnav-vertical reveal-muted\">\n\n                                        <li bdt-slideshow-item=\"0\" data-label=\"01\" ><a href=\"#\"><\/a><\/li>\n                                        <li bdt-slideshow-item=\"1\" data-label=\"02\" ><a href=\"#\"><\/a><\/li>\n                                        \n                <\/ul>\n\n            \n        \t\t\t\t\t\n\t\t\t\t<\/div>\n\t\t\t\t\t\t\t<\/div>\n\t\t<\/div>\n        \t\t\t\t<\/div>\n\t\t\t\t\t<\/div>\n\t\t\t\t<\/section>\n\t\t\t\t<\/div>\n\t\t","protected":false},"excerpt":{"rendered":"<p>The Grand Hotel bar The Clipper A cosy, warm space with a British accent. Great classics and new cocktails are served in front of an incredible 180\u00b0 view of the ocean. Tea-time and snacks at any time of day make this lively, intimate venue the ideal place to satisfy your sweet tooth! Enjoy the moment [&hellip;]<\/p>\n","protected":false},"author":1,"featured_media":0,"parent":0,"menu_order":0,"comment_status":"closed","ping_status":"closed","template":"elementor_theme","meta":{"_acf_changed":false,"footnotes":""},"class_list":["post-3344","page","type-page","status-publish","hentry"],"acf":[],"yoast_head":"<!-- This site is optimized with the Yoast SEO plugin v27.1.1 - https:\/\/yoast.com\/product\/yoast-seo-wordpress\/ -->\n<title>Bar Le Clipper, Saint-Jean-de-Luz - Luz Grand Hotel<\/title>\n<meta name=\"description\" content=\"Le Clipper, the bar of the Grand H\u00f4tel Saint-Jean-de-Luz, where you&#039;ll find great classics, detox cocktails and tapas, as well as a tea-time buffet.\" \/>\n<meta name=\"robots\" content=\"index, follow, max-snippet:-1, max-image-preview:large, max-video-preview:-1\" \/>\n<link rel=\"canonical\" href=\"https:\/\/luzgrandhotel.fr\/en\/le-clipper-bar\/\" \/>\n<meta property=\"og:locale\" content=\"en_US\" \/>\n<meta property=\"og:type\" content=\"article\" \/>\n<meta property=\"og:title\" content=\"Bar Le Clipper, Saint-Jean-de-Luz - Luz Grand Hotel\" \/>\n<meta property=\"og:description\" content=\"Le Clipper, the bar of the Grand H\u00f4tel Saint-Jean-de-Luz, where you&#039;ll find great classics, detox cocktails and tapas, as well as a tea-time buffet.\" \/>\n<meta property=\"og:url\" content=\"https:\/\/luzgrandhotel.fr\/en\/le-clipper-bar\/\" \/>\n<meta property=\"og:site_name\" content=\"Luz Grand Hotel\" \/>\n<meta property=\"article:publisher\" content=\"https:\/\/www.facebook.com\/luzgrandhotel\/\" \/>\n<meta property=\"article:modified_time\" content=\"2025-09-29T23:01:30+00:00\" \/>\n<meta name=\"twitter:card\" content=\"summary_large_image\" \/>\n<meta name=\"twitter:label1\" content=\"Est. reading time\" \/>\n\t<meta name=\"twitter:data1\" content=\"1 minute\" \/>\n<script type=\"application\/ld+json\" class=\"yoast-schema-graph\">{\"@context\":\"https:\/\/schema.org\",\"@graph\":[{\"@type\":\"WebPage\",\"@id\":\"https:\/\/luzgrandhotel.fr\/en\/le-clipper-bar\/\",\"url\":\"https:\/\/luzgrandhotel.fr\/en\/le-clipper-bar\/\",\"name\":\"Bar Le Clipper, Saint-Jean-de-Luz - Luz Grand Hotel\",\"isPartOf\":{\"@id\":\"https:\/\/luzgrandhotel.fr\/en\/#website\"},\"datePublished\":\"2025-04-16T21:35:53+00:00\",\"dateModified\":\"2025-09-29T23:01:30+00:00\",\"description\":\"Le Clipper, the bar of the Grand H\u00f4tel Saint-Jean-de-Luz, where you'll find great classics, detox cocktails and tapas, as well as a tea-time buffet.\",\"breadcrumb\":{\"@id\":\"https:\/\/luzgrandhotel.fr\/en\/le-clipper-bar\/#breadcrumb\"},\"inLanguage\":\"en-US\",\"potentialAction\":[{\"@type\":\"ReadAction\",\"target\":[\"https:\/\/luzgrandhotel.fr\/en\/le-clipper-bar\/\"]}]},{\"@type\":\"BreadcrumbList\",\"@id\":\"https:\/\/luzgrandhotel.fr\/en\/le-clipper-bar\/#breadcrumb\",\"itemListElement\":[{\"@type\":\"ListItem\",\"position\":1,\"name\":\"Home\",\"item\":\"https:\/\/luzgrandhotel.fr\/en\/home\/\"},{\"@type\":\"ListItem\",\"position\":2,\"name\":\"Bar Le Clipper\"}]},{\"@type\":\"WebSite\",\"@id\":\"https:\/\/luzgrandhotel.fr\/en\/#website\",\"url\":\"https:\/\/luzgrandhotel.fr\/en\/\",\"name\":\"Luz Grand Hotel\",\"description\":\"\",\"publisher\":{\"@id\":\"https:\/\/luzgrandhotel.fr\/en\/#organization\"},\"potentialAction\":[{\"@type\":\"SearchAction\",\"target\":{\"@type\":\"EntryPoint\",\"urlTemplate\":\"https:\/\/luzgrandhotel.fr\/en\/?s={search_term_string}\"},\"query-input\":{\"@type\":\"PropertyValueSpecification\",\"valueRequired\":true,\"valueName\":\"search_term_string\"}}],\"inLanguage\":\"en-US\"},{\"@type\":\"Organization\",\"@id\":\"https:\/\/luzgrandhotel.fr\/en\/#organization\",\"name\":\"Luz Grand Hotel\",\"url\":\"https:\/\/luzgrandhotel.fr\/en\/\",\"logo\":{\"@type\":\"ImageObject\",\"inLanguage\":\"en-US\",\"@id\":\"https:\/\/luzgrandhotel.fr\/en\/#\/schema\/logo\/image\/\",\"url\":\"https:\/\/luzgrandhotel.fr\/wp-content\/uploads\/2025\/04\/logo-grand-hotel-luz.svg\",\"contentUrl\":\"https:\/\/luzgrandhotel.fr\/wp-content\/uploads\/2025\/04\/logo-grand-hotel-luz.svg\",\"caption\":\"Luz Grand Hotel\"},\"image\":{\"@id\":\"https:\/\/luzgrandhotel.fr\/en\/#\/schema\/logo\/image\/\"},\"sameAs\":[\"https:\/\/www.facebook.com\/luzgrandhotel\/\"]}]}<\/script>\n<!-- \/ Yoast SEO plugin. -->","yoast_head_json":{"title":"Bar Le Clipper, Saint-Jean-de-Luz - Luz Grand Hotel","description":"Le Clipper, the bar of the Grand H\u00f4tel Saint-Jean-de-Luz, where you'll find great classics, detox cocktails and tapas, as well as a tea-time buffet.","robots":{"index":"index","follow":"follow","max-snippet":"max-snippet:-1","max-image-preview":"max-image-preview:large","max-video-preview":"max-video-preview:-1"},"canonical":"https:\/\/luzgrandhotel.fr\/en\/le-clipper-bar\/","og_locale":"en_US","og_type":"article","og_title":"Bar Le Clipper, Saint-Jean-de-Luz - Luz Grand Hotel","og_description":"Le Clipper, the bar of the Grand H\u00f4tel Saint-Jean-de-Luz, where you'll find great classics, detox cocktails and tapas, as well as a tea-time buffet.","og_url":"https:\/\/luzgrandhotel.fr\/en\/le-clipper-bar\/","og_site_name":"Luz Grand Hotel","article_publisher":"https:\/\/www.facebook.com\/luzgrandhotel\/","article_modified_time":"2025-09-29T23:01:30+00:00","twitter_card":"summary_large_image","twitter_misc":{"Est. reading time":"1 minute"},"schema":{"@context":"https:\/\/schema.org","@graph":[{"@type":"WebPage","@id":"https:\/\/luzgrandhotel.fr\/en\/le-clipper-bar\/","url":"https:\/\/luzgrandhotel.fr\/en\/le-clipper-bar\/","name":"Bar Le Clipper, Saint-Jean-de-Luz - Luz Grand Hotel","isPartOf":{"@id":"https:\/\/luzgrandhotel.fr\/en\/#website"},"datePublished":"2025-04-16T21:35:53+00:00","dateModified":"2025-09-29T23:01:30+00:00","description":"Le Clipper, the bar of the Grand H\u00f4tel Saint-Jean-de-Luz, where you'll find great classics, detox cocktails and tapas, as well as a tea-time buffet.","breadcrumb":{"@id":"https:\/\/luzgrandhotel.fr\/en\/le-clipper-bar\/#breadcrumb"},"inLanguage":"en-US","potentialAction":[{"@type":"ReadAction","target":["https:\/\/luzgrandhotel.fr\/en\/le-clipper-bar\/"]}]},{"@type":"BreadcrumbList","@id":"https:\/\/luzgrandhotel.fr\/en\/le-clipper-bar\/#breadcrumb","itemListElement":[{"@type":"ListItem","position":1,"name":"Home","item":"https:\/\/luzgrandhotel.fr\/en\/home\/"},{"@type":"ListItem","position":2,"name":"Bar Le Clipper"}]},{"@type":"WebSite","@id":"https:\/\/luzgrandhotel.fr\/en\/#website","url":"https:\/\/luzgrandhotel.fr\/en\/","name":"Luz Grand Hotel","description":"","publisher":{"@id":"https:\/\/luzgrandhotel.fr\/en\/#organization"},"potentialAction":[{"@type":"SearchAction","target":{"@type":"EntryPoint","urlTemplate":"https:\/\/luzgrandhotel.fr\/en\/?s={search_term_string}"},"query-input":{"@type":"PropertyValueSpecification","valueRequired":true,"valueName":"search_term_string"}}],"inLanguage":"en-US"},{"@type":"Organization","@id":"https:\/\/luzgrandhotel.fr\/en\/#organization","name":"Luz Grand Hotel","url":"https:\/\/luzgrandhotel.fr\/en\/","logo":{"@type":"ImageObject","inLanguage":"en-US","@id":"https:\/\/luzgrandhotel.fr\/en\/#\/schema\/logo\/image\/","url":"https:\/\/luzgrandhotel.fr\/wp-content\/uploads\/2025\/04\/logo-grand-hotel-luz.svg","contentUrl":"https:\/\/luzgrandhotel.fr\/wp-content\/uploads\/2025\/04\/logo-grand-hotel-luz.svg","caption":"Luz Grand Hotel"},"image":{"@id":"https:\/\/luzgrandhotel.fr\/en\/#\/schema\/logo\/image\/"},"sameAs":["https:\/\/www.facebook.com\/luzgrandhotel\/"]}]}},"_links":{"self":[{"href":"https:\/\/luzgrandhotel.fr\/en\/wp-json\/wp\/v2\/pages\/3344","targetHints":{"allow":["GET"]}}],"collection":[{"href":"https:\/\/luzgrandhotel.fr\/en\/wp-json\/wp\/v2\/pages"}],"about":[{"href":"https:\/\/luzgrandhotel.fr\/en\/wp-json\/wp\/v2\/types\/page"}],"author":[{"embeddable":true,"href":"https:\/\/luzgrandhotel.fr\/en\/wp-json\/wp\/v2\/users\/1"}],"replies":[{"embeddable":true,"href":"https:\/\/luzgrandhotel.fr\/en\/wp-json\/wp\/v2\/comments?post=3344"}],"version-history":[{"count":15,"href":"https:\/\/luzgrandhotel.fr\/en\/wp-json\/wp\/v2\/pages\/3344\/revisions"}],"predecessor-version":[{"id":6953,"href":"https:\/\/luzgrandhotel.fr\/en\/wp-json\/wp\/v2\/pages\/3344\/revisions\/6953"}],"wp:attachment":[{"href":"https:\/\/luzgrandhotel.fr\/en\/wp-json\/wp\/v2\/media?parent=3344"}],"curies":[{"name":"wp","href":"https:\/\/api.w.org\/{rel}","templated":true}]}}