{"id":3304,"date":"2025-04-16T23:55:50","date_gmt":"2025-04-16T21:55:50","guid":{"rendered":"https:\/\/luzgrandhotel.fr\/seminarios\/"},"modified":"2025-09-26T12:18:03","modified_gmt":"2025-09-26T10:18:03","slug":"reuniones-convenciones","status":"publish","type":"page","link":"https:\/\/luzgrandhotel.fr\/es\/reuniones-convenciones\/","title":{"rendered":"Sus seminarios en nuestro hotel"},"content":{"rendered":"\t\t<div data-elementor-type=\"wp-page\" data-elementor-id=\"3304\" class=\"elementor elementor-3304 elementor-108\" data-elementor-post-type=\"page\">\n\t\t\t\t<div class=\"elementor-element elementor-element-40ce44fb e-con-full header-page e-flex e-con e-parent\" data-id=\"40ce44fb\" data-element_type=\"container\" data-e-type=\"container\" data-settings=\"{&quot;background_background&quot;:&quot;classic&quot;,&quot;background_motion_fx_motion_fx_scrolling&quot;:&quot;yes&quot;,&quot;background_motion_fx_translateY_effect&quot;:&quot;yes&quot;,&quot;background_motion_fx_translateY_speed&quot;:{&quot;unit&quot;:&quot;px&quot;,&quot;size&quot;:4,&quot;sizes&quot;:[]},&quot;background_motion_fx_translateY_affectedRange&quot;:{&quot;unit&quot;:&quot;%&quot;,&quot;size&quot;:&quot;&quot;,&quot;sizes&quot;:{&quot;start&quot;:0,&quot;end&quot;:100}},&quot;background_motion_fx_devices&quot;:[&quot;desktop&quot;,&quot;tablet&quot;,&quot;mobile&quot;]}\">\n\t\t\t\t<\/div>\n\t\t<div class=\"elementor-element elementor-element-1ad4ce1d e-flex e-con-boxed e-con e-parent\" data-id=\"1ad4ce1d\" data-element_type=\"container\" data-e-type=\"container\">\n\t\t\t\t\t<div class=\"e-con-inner\">\n\t\t\t\t<div class=\"elementor-element elementor-element-7c78c12c elementor-align-center elementor-widget elementor-widget-breadcrumbs\" data-id=\"7c78c12c\" data-element_type=\"widget\" data-e-type=\"widget\" data-widget_type=\"breadcrumbs.default\">\n\t\t\t\t\t<p id=\"breadcrumbs\"><span><span><a href=\"https:\/\/luzgrandhotel.fr\/es\/inicio\/\">Inicio<\/a><\/span><\/span><\/p>\t\t\t\t<\/div>\n\t\t\t\t\t<\/div>\n\t\t\t\t<\/div>\n\t\t<section class=\"elementor-element elementor-element-9b1dae8 e-flex e-con-boxed e-con e-parent\" data-id=\"9b1dae8\" data-element_type=\"container\" data-e-type=\"container\">\n\t\t\t\t\t<div class=\"e-con-inner\">\n\t\t\t\t<div class=\"elementor-element elementor-element-c44d55f elementor-invisible elementor-widget elementor-widget-text-editor\" data-id=\"c44d55f\" data-element_type=\"widget\" data-e-type=\"widget\" data-settings=\"{&quot;_animation&quot;:&quot;slideInUp&quot;}\" data-widget_type=\"text-editor.default\">\n\t\t\t\t\t\t\t\t\t<p>El Grand H\u00f4tel Thalasso &amp; Spa de San Juan de Luz ofrece un marco excepcional, ba\u00f1ado de luz natural, para organizar tus actos de empresa o recepciones privadas.<\/p><p>Enclavada entre el oc\u00e9ano y la monta\u00f1a, esta emblem\u00e1tica direcci\u00f3n combina elegancia, confort y serenidad para dar a cada reuni\u00f3n una dimensi\u00f3n \u00fanica. Ya sea para un seminario, una reuni\u00f3n de prestigio, un c\u00f3ctel o una celebraci\u00f3n \u00edntima, nuestro equipo hace todo lo posible para crear momentos memorables en un entorno tan inspirador como relajante. <\/p>\t\t\t\t\t\t\t\t<\/div>\n\t\t\t\t<div class=\"elementor-element elementor-element-03d0847 elementor-align-center elementor-widget elementor-widget-button\" data-id=\"03d0847\" data-element_type=\"widget\" data-e-type=\"widget\" data-widget_type=\"button.default\">\n\t\t\t\t\t\t\t\t\t\t<a class=\"elementor-button elementor-button-link elementor-size-sm\" href=\"https:\/\/luzgrandhotel.fr\/es\/acceso-contacto\/\">\n\t\t\t\t\t\t<span class=\"elementor-button-content-wrapper\">\n\t\t\t\t\t\t\t\t\t<span class=\"elementor-button-text\">CONT\u00c1CTANOS<\/span>\n\t\t\t\t\t<\/span>\n\t\t\t\t\t<\/a>\n\t\t\t\t\t\t\t\t<\/div>\n\t\t\t\t<div class=\"elementor-element elementor-element-b912fdb elementor-widget elementor-widget-text-editor\" data-id=\"b912fdb\" data-element_type=\"widget\" data-e-type=\"widget\" data-widget_type=\"text-editor.default\">\n\t\t\t\t\t\t\t\t\t<p>Para m\u00e1s informaci\u00f3n, ponte en contacto con nosotros en reception@luzgrandhotel.fr<br>o en el +33 (0)5 59 26 35 36.<\/p>\t\t\t\t\t\t\t\t<\/div>\n\t\t\t\t\t<\/div>\n\t\t\t\t<\/section>\n\t\t<section class=\"elementor-element elementor-element-7bb88bc e-flex e-con-boxed elementor-invisible e-con e-parent\" data-id=\"7bb88bc\" data-element_type=\"container\" data-e-type=\"container\" data-settings=\"{&quot;animation&quot;:&quot;fadeIn&quot;}\">\n\t\t\t\t\t<div class=\"e-con-inner\">\n\t\t<div class=\"elementor-element elementor-element-c09b51e e-con-full e-flex e-con e-child\" data-id=\"c09b51e\" data-element_type=\"container\" data-e-type=\"container\">\n\t\t\t\t<div class=\"elementor-element elementor-element-f841c52 elementor-widget elementor-widget-heading\" data-id=\"f841c52\" data-element_type=\"widget\" data-e-type=\"widget\" data-widget_type=\"heading.default\">\n\t\t\t\t\t<h2 class=\"elementor-heading-title elementor-size-default\">Seminarios e incentivos<\/h2>\t\t\t\t<\/div>\n\t\t\t\t<div class=\"elementor-element elementor-element-6a0d578 elementor-widget elementor-widget-text-editor\" data-id=\"6a0d578\" data-element_type=\"widget\" data-e-type=\"widget\" data-widget_type=\"text-editor.default\">\n\t\t\t\t\t\t\t\t\t<p>Disponemos de zonas de reuni\u00f3n y recepci\u00f3n con luz natural para garantizar el \u00e9xito de tus seminarios de direcci\u00f3n y eventos para clientes.<\/p>\t\t\t\t\t\t\t\t<\/div>\n\t\t\t\t<\/div>\n\t\t<div class=\"elementor-element elementor-element-45147bf e-con-full e-flex e-con e-child\" data-id=\"45147bf\" data-element_type=\"container\" data-e-type=\"container\">\n\t\t\t\t<div class=\"elementor-element elementor-element-5462676 elementor-widget elementor-widget-heading\" data-id=\"5462676\" data-element_type=\"widget\" data-e-type=\"widget\" data-widget_type=\"heading.default\">\n\t\t\t\t\t<h2 class=\"elementor-heading-title elementor-size-default\">Bodas y recepciones<\/h2>\t\t\t\t<\/div>\n\t\t\t\t<div class=\"elementor-element elementor-element-389050d elementor-widget elementor-widget-text-editor\" data-id=\"389050d\" data-element_type=\"widget\" data-e-type=\"widget\" data-widget_type=\"text-editor.default\">\n\t\t\t\t\t\t\t\t\t<p>Haga de su evento un momento especial. Ya sea una recepci\u00f3n peque\u00f1a o grande, un cumplea\u00f1os o una cena de gala, el Grand H\u00f4tel de Saint-Jean-de-Luz pone a su disposici\u00f3n la experiencia de su equipo comercial y de restauraci\u00f3n para que su recepci\u00f3n sea un momento inolvidable. <\/p>\t\t\t\t\t\t\t\t<\/div>\n\t\t\t\t<\/div>\n\t\t<div class=\"elementor-element elementor-element-c73f12e e-con-full e-flex e-con e-child\" data-id=\"c73f12e\" data-element_type=\"container\" data-e-type=\"container\">\n\t\t\t\t<div class=\"elementor-element elementor-element-f7da674 elementor-widget elementor-widget-heading\" data-id=\"f7da674\" data-element_type=\"widget\" data-e-type=\"widget\" data-widget_type=\"heading.default\">\n\t\t\t\t\t<h2 class=\"elementor-heading-title elementor-size-default\">Servicios y Equipamiento<\/h2>\t\t\t\t<\/div>\n\t\t\t\t<div class=\"elementor-element elementor-element-586983a elementor-widget elementor-widget-text-editor\" data-id=\"586983a\" data-element_type=\"widget\" data-e-type=\"widget\" data-widget_type=\"text-editor.default\">\n\t\t\t\t\t\t\t\t\t<ul><li>Habitaciones con aire acondicionado e insonorizadas<\/li><li>Pantalla<\/li><li>Acceso a Internet de alta velocidad<\/li><li>Cart\u00f3n<\/li><li>Blocs de notas y bol\u00edgrafos<\/li><li>Agua mineral<\/li><li>Proyector<\/li><\/ul>\t\t\t\t\t\t\t\t<\/div>\n\t\t\t\t<div class=\"elementor-element elementor-element-c09c195 elementor-widget elementor-widget-text-editor\" data-id=\"c09c195\" data-element_type=\"widget\" data-e-type=\"widget\" data-widget_type=\"text-editor.default\">\n\t\t\t\t\t\t\t\t\t<p>A petici\u00f3n: micr\u00f3fono, t\u00e9cnico, secretar\u00eda, traducci\u00f3n simult\u00e1nea<\/p>\t\t\t\t\t\t\t\t<\/div>\n\t\t\t\t<\/div>\n\t\t\t\t\t<\/div>\n\t\t\t\t<\/section>\n\t\t<section class=\"elementor-element elementor-element-5155f51 e-con-full e-flex e-con e-parent\" data-id=\"5155f51\" data-element_type=\"container\" data-e-type=\"container\" data-settings=\"{&quot;background_background&quot;:&quot;classic&quot;}\">\n\t\t<div class=\"elementor-element elementor-element-85f2a60 e-con-full e-flex e-con e-child\" data-id=\"85f2a60\" data-element_type=\"container\" data-e-type=\"container\">\n\t\t\t\t<div class=\"elementor-element elementor-element-ec2fc92 elementor-widget elementor-widget-image\" data-id=\"ec2fc92\" data-element_type=\"widget\" data-e-type=\"widget\" data-settings=\"{&quot;motion_fx_motion_fx_scrolling&quot;:&quot;yes&quot;,&quot;motion_fx_translateY_effect&quot;:&quot;yes&quot;,&quot;motion_fx_translateY_speed&quot;:{&quot;unit&quot;:&quot;px&quot;,&quot;size&quot;:4,&quot;sizes&quot;:[]},&quot;motion_fx_translateY_affectedRange&quot;:{&quot;unit&quot;:&quot;%&quot;,&quot;size&quot;:&quot;&quot;,&quot;sizes&quot;:{&quot;start&quot;:0,&quot;end&quot;:100}},&quot;motion_fx_devices&quot;:[&quot;desktop&quot;,&quot;tablet&quot;,&quot;mobile&quot;]}\" data-widget_type=\"image.default\">\n\t\t\t\t\t\t\t\t\t\t\t\t\t\t\t<img fetchpriority=\"high\" decoding=\"async\" width=\"800\" height=\"534\" src=\"https:\/\/luzgrandhotel.fr\/wp-content\/uploads\/2025\/05\/salle-seminaire-grand-hotel-thalasso-spa-1024x683.jpg\" class=\"attachment-large size-large wp-image-1469\" alt=\"salle-seminaire-grand-hotel-thalasso-spa\" srcset=\"https:\/\/luzgrandhotel.fr\/wp-content\/uploads\/2025\/05\/salle-seminaire-grand-hotel-thalasso-spa-1024x683.jpg 1024w, https:\/\/luzgrandhotel.fr\/wp-content\/uploads\/2025\/05\/salle-seminaire-grand-hotel-thalasso-spa-300x200.jpg 300w, https:\/\/luzgrandhotel.fr\/wp-content\/uploads\/2025\/05\/salle-seminaire-grand-hotel-thalasso-spa-768x512.jpg 768w, https:\/\/luzgrandhotel.fr\/wp-content\/uploads\/2025\/05\/salle-seminaire-grand-hotel-thalasso-spa.jpg 1218w\" sizes=\"(max-width: 800px) 100vw, 800px\" \/>\t\t\t\t\t\t\t\t\t\t\t\t\t\t\t<\/div>\n\t\t\t\t<\/div>\n\t\t<div class=\"elementor-element elementor-element-e4fd286 e-con-full div-salle e-flex e-con e-child\" data-id=\"e4fd286\" data-element_type=\"container\" data-e-type=\"container\" data-settings=\"{&quot;background_background&quot;:&quot;classic&quot;}\">\n\t\t\t\t<div class=\"elementor-element elementor-element-1553883 elementor-invisible elementor-widget elementor-widget-heading\" data-id=\"1553883\" data-element_type=\"widget\" data-e-type=\"widget\" data-settings=\"{&quot;_animation&quot;:&quot;slideInUp&quot;}\" data-widget_type=\"heading.default\">\n\t\t\t\t\t<h2 class=\"elementor-heading-title elementor-size-default\">Sala del Gran Hotel<\/h2>\t\t\t\t<\/div>\n\t\t\t\t<div class=\"elementor-element elementor-element-5861016 elementor-widget elementor-widget-image\" data-id=\"5861016\" data-element_type=\"widget\" data-e-type=\"widget\" data-widget_type=\"image.default\">\n\t\t\t\t\t\t\t\t\t\t\t\t\t\t\t<img decoding=\"async\" width=\"800\" height=\"340\" src=\"https:\/\/luzgrandhotel.fr\/wp-content\/uploads\/2025\/05\/Salle_de-Reunion_Seminaire_Le-Grand-Hotel_2016-1024x435.png\" class=\"attachment-large size-large wp-image-1460\" alt=\"salles r\u00e9union saint jean de luz\" srcset=\"https:\/\/luzgrandhotel.fr\/wp-content\/uploads\/2025\/05\/Salle_de-Reunion_Seminaire_Le-Grand-Hotel_2016-1024x435.png 1024w, https:\/\/luzgrandhotel.fr\/wp-content\/uploads\/2025\/05\/Salle_de-Reunion_Seminaire_Le-Grand-Hotel_2016-300x128.png 300w, https:\/\/luzgrandhotel.fr\/wp-content\/uploads\/2025\/05\/Salle_de-Reunion_Seminaire_Le-Grand-Hotel_2016-768x327.png 768w, https:\/\/luzgrandhotel.fr\/wp-content\/uploads\/2025\/05\/Salle_de-Reunion_Seminaire_Le-Grand-Hotel_2016-1536x653.png 1536w, https:\/\/luzgrandhotel.fr\/wp-content\/uploads\/2025\/05\/Salle_de-Reunion_Seminaire_Le-Grand-Hotel_2016.png 1766w\" sizes=\"(max-width: 800px) 100vw, 800px\" \/>\t\t\t\t\t\t\t\t\t\t\t\t\t\t\t<\/div>\n\t\t\t\t<\/div>\n\t\t\t\t<\/section>\n\t\t\t\t<\/div>\n\t\t","protected":false},"excerpt":{"rendered":"<p>El Grand H\u00f4tel Thalasso &amp; Spa de San Juan de Luz ofrece un marco excepcional, ba\u00f1ado de luz natural, para organizar tus actos de empresa o recepciones privadas. Enclavada entre el oc\u00e9ano y la monta\u00f1a, esta emblem\u00e1tica direcci\u00f3n combina elegancia, confort y serenidad para dar a cada reuni\u00f3n una dimensi\u00f3n \u00fanica. Ya sea para un [&hellip;]<\/p>\n","protected":false},"author":1,"featured_media":0,"parent":0,"menu_order":0,"comment_status":"closed","ping_status":"closed","template":"elementor_theme","meta":{"_acf_changed":false,"footnotes":""},"class_list":["post-3304","page","type-page","status-publish","hentry"],"acf":[],"yoast_head":"<!-- This site is optimized with the Yoast SEO plugin v27.1.1 - https:\/\/yoast.com\/product\/yoast-seo-wordpress\/ -->\n<title>Hotel seminario en San Juan de Luz - Luz Grand Hotel<\/title>\n<meta name=\"description\" content=\"Organiza tu seminario en San Juan de Luz en un marco de 5 estrellas. Espacios elegantes, servicios a medida y vistas al mar para un evento excepcional.\" \/>\n<meta name=\"robots\" content=\"index, follow, max-snippet:-1, max-image-preview:large, max-video-preview:-1\" \/>\n<link rel=\"canonical\" href=\"https:\/\/luzgrandhotel.fr\/es\/reuniones-convenciones\/\" \/>\n<meta property=\"og:locale\" content=\"es_ES\" \/>\n<meta property=\"og:type\" content=\"article\" \/>\n<meta property=\"og:title\" content=\"Hotel seminario en San Juan de Luz - Luz Grand Hotel\" \/>\n<meta property=\"og:description\" content=\"Organiza tu seminario en San Juan de Luz en un marco de 5 estrellas. Espacios elegantes, servicios a medida y vistas al mar para un evento excepcional.\" \/>\n<meta property=\"og:url\" content=\"https:\/\/luzgrandhotel.fr\/es\/reuniones-convenciones\/\" \/>\n<meta property=\"og:site_name\" content=\"Luz Grand Hotel\" \/>\n<meta property=\"article:publisher\" content=\"https:\/\/www.facebook.com\/luzgrandhotel\/\" \/>\n<meta property=\"article:modified_time\" content=\"2025-09-26T10:18:03+00:00\" \/>\n<meta property=\"og:image\" content=\"https:\/\/luzgrandhotel.fr\/wp-content\/uploads\/2025\/05\/salle-seminaire-grand-hotel-thalasso-spa.jpg\" \/>\n\t<meta property=\"og:image:width\" content=\"1218\" \/>\n\t<meta property=\"og:image:height\" content=\"812\" \/>\n\t<meta property=\"og:image:type\" content=\"image\/jpeg\" \/>\n<meta name=\"twitter:card\" content=\"summary_large_image\" \/>\n<meta name=\"twitter:label1\" content=\"Tiempo de lectura\" \/>\n\t<meta name=\"twitter:data1\" content=\"1 minuto\" \/>\n<script type=\"application\/ld+json\" class=\"yoast-schema-graph\">{\"@context\":\"https:\/\/schema.org\",\"@graph\":[{\"@type\":\"WebPage\",\"@id\":\"https:\/\/luzgrandhotel.fr\/es\/reuniones-convenciones\/\",\"url\":\"https:\/\/luzgrandhotel.fr\/es\/reuniones-convenciones\/\",\"name\":\"Hotel seminario en San Juan de Luz - Luz Grand Hotel\",\"isPartOf\":{\"@id\":\"https:\/\/luzgrandhotel.fr\/es\/#website\"},\"primaryImageOfPage\":{\"@id\":\"https:\/\/luzgrandhotel.fr\/es\/reuniones-convenciones\/#primaryimage\"},\"image\":{\"@id\":\"https:\/\/luzgrandhotel.fr\/es\/reuniones-convenciones\/#primaryimage\"},\"thumbnailUrl\":\"https:\/\/luzgrandhotel.fr\/wp-content\/uploads\/2025\/05\/salle-seminaire-grand-hotel-thalasso-spa-1024x683.jpg\",\"datePublished\":\"2025-04-16T21:55:50+00:00\",\"dateModified\":\"2025-09-26T10:18:03+00:00\",\"description\":\"Organiza tu seminario en San Juan de Luz en un marco de 5 estrellas. Espacios elegantes, servicios a medida y vistas al mar para un evento excepcional.\",\"breadcrumb\":{\"@id\":\"https:\/\/luzgrandhotel.fr\/es\/reuniones-convenciones\/#breadcrumb\"},\"inLanguage\":\"es\",\"potentialAction\":[{\"@type\":\"ReadAction\",\"target\":[\"https:\/\/luzgrandhotel.fr\/es\/reuniones-convenciones\/\"]}]},{\"@type\":\"ImageObject\",\"inLanguage\":\"es\",\"@id\":\"https:\/\/luzgrandhotel.fr\/es\/reuniones-convenciones\/#primaryimage\",\"url\":\"https:\/\/luzgrandhotel.fr\/wp-content\/uploads\/2025\/05\/salle-seminaire-grand-hotel-thalasso-spa-1024x683.jpg\",\"contentUrl\":\"https:\/\/luzgrandhotel.fr\/wp-content\/uploads\/2025\/05\/salle-seminaire-grand-hotel-thalasso-spa-1024x683.jpg\"},{\"@type\":\"BreadcrumbList\",\"@id\":\"https:\/\/luzgrandhotel.fr\/es\/reuniones-convenciones\/#breadcrumb\",\"itemListElement\":[{\"@type\":\"ListItem\",\"position\":1,\"name\":\"Inicio\",\"item\":\"https:\/\/luzgrandhotel.fr\/es\/inicio\/\"},{\"@type\":\"ListItem\",\"position\":2,\"name\":\"Sus seminarios en nuestro hotel\"}]},{\"@type\":\"WebSite\",\"@id\":\"https:\/\/luzgrandhotel.fr\/es\/#website\",\"url\":\"https:\/\/luzgrandhotel.fr\/es\/\",\"name\":\"Luz Grand Hotel\",\"description\":\"\",\"publisher\":{\"@id\":\"https:\/\/luzgrandhotel.fr\/es\/#organization\"},\"potentialAction\":[{\"@type\":\"SearchAction\",\"target\":{\"@type\":\"EntryPoint\",\"urlTemplate\":\"https:\/\/luzgrandhotel.fr\/es\/?s={search_term_string}\"},\"query-input\":{\"@type\":\"PropertyValueSpecification\",\"valueRequired\":true,\"valueName\":\"search_term_string\"}}],\"inLanguage\":\"es\"},{\"@type\":\"Organization\",\"@id\":\"https:\/\/luzgrandhotel.fr\/es\/#organization\",\"name\":\"Luz Grand Hotel\",\"url\":\"https:\/\/luzgrandhotel.fr\/es\/\",\"logo\":{\"@type\":\"ImageObject\",\"inLanguage\":\"es\",\"@id\":\"https:\/\/luzgrandhotel.fr\/es\/#\/schema\/logo\/image\/\",\"url\":\"https:\/\/luzgrandhotel.fr\/wp-content\/uploads\/2025\/04\/logo-grand-hotel-luz.svg\",\"contentUrl\":\"https:\/\/luzgrandhotel.fr\/wp-content\/uploads\/2025\/04\/logo-grand-hotel-luz.svg\",\"caption\":\"Luz Grand Hotel\"},\"image\":{\"@id\":\"https:\/\/luzgrandhotel.fr\/es\/#\/schema\/logo\/image\/\"},\"sameAs\":[\"https:\/\/www.facebook.com\/luzgrandhotel\/\"]}]}<\/script>\n<!-- \/ Yoast SEO plugin. -->","yoast_head_json":{"title":"Hotel seminario en San Juan de Luz - Luz Grand Hotel","description":"Organiza tu seminario en San Juan de Luz en un marco de 5 estrellas. Espacios elegantes, servicios a medida y vistas al mar para un evento excepcional.","robots":{"index":"index","follow":"follow","max-snippet":"max-snippet:-1","max-image-preview":"max-image-preview:large","max-video-preview":"max-video-preview:-1"},"canonical":"https:\/\/luzgrandhotel.fr\/es\/reuniones-convenciones\/","og_locale":"es_ES","og_type":"article","og_title":"Hotel seminario en San Juan de Luz - Luz Grand Hotel","og_description":"Organiza tu seminario en San Juan de Luz en un marco de 5 estrellas. Espacios elegantes, servicios a medida y vistas al mar para un evento excepcional.","og_url":"https:\/\/luzgrandhotel.fr\/es\/reuniones-convenciones\/","og_site_name":"Luz Grand Hotel","article_publisher":"https:\/\/www.facebook.com\/luzgrandhotel\/","article_modified_time":"2025-09-26T10:18:03+00:00","og_image":[{"width":1218,"height":812,"url":"https:\/\/luzgrandhotel.fr\/wp-content\/uploads\/2025\/05\/salle-seminaire-grand-hotel-thalasso-spa.jpg","type":"image\/jpeg"}],"twitter_card":"summary_large_image","twitter_misc":{"Tiempo de lectura":"1 minuto"},"schema":{"@context":"https:\/\/schema.org","@graph":[{"@type":"WebPage","@id":"https:\/\/luzgrandhotel.fr\/es\/reuniones-convenciones\/","url":"https:\/\/luzgrandhotel.fr\/es\/reuniones-convenciones\/","name":"Hotel seminario en San Juan de Luz - Luz Grand Hotel","isPartOf":{"@id":"https:\/\/luzgrandhotel.fr\/es\/#website"},"primaryImageOfPage":{"@id":"https:\/\/luzgrandhotel.fr\/es\/reuniones-convenciones\/#primaryimage"},"image":{"@id":"https:\/\/luzgrandhotel.fr\/es\/reuniones-convenciones\/#primaryimage"},"thumbnailUrl":"https:\/\/luzgrandhotel.fr\/wp-content\/uploads\/2025\/05\/salle-seminaire-grand-hotel-thalasso-spa-1024x683.jpg","datePublished":"2025-04-16T21:55:50+00:00","dateModified":"2025-09-26T10:18:03+00:00","description":"Organiza tu seminario en San Juan de Luz en un marco de 5 estrellas. Espacios elegantes, servicios a medida y vistas al mar para un evento excepcional.","breadcrumb":{"@id":"https:\/\/luzgrandhotel.fr\/es\/reuniones-convenciones\/#breadcrumb"},"inLanguage":"es","potentialAction":[{"@type":"ReadAction","target":["https:\/\/luzgrandhotel.fr\/es\/reuniones-convenciones\/"]}]},{"@type":"ImageObject","inLanguage":"es","@id":"https:\/\/luzgrandhotel.fr\/es\/reuniones-convenciones\/#primaryimage","url":"https:\/\/luzgrandhotel.fr\/wp-content\/uploads\/2025\/05\/salle-seminaire-grand-hotel-thalasso-spa-1024x683.jpg","contentUrl":"https:\/\/luzgrandhotel.fr\/wp-content\/uploads\/2025\/05\/salle-seminaire-grand-hotel-thalasso-spa-1024x683.jpg"},{"@type":"BreadcrumbList","@id":"https:\/\/luzgrandhotel.fr\/es\/reuniones-convenciones\/#breadcrumb","itemListElement":[{"@type":"ListItem","position":1,"name":"Inicio","item":"https:\/\/luzgrandhotel.fr\/es\/inicio\/"},{"@type":"ListItem","position":2,"name":"Sus seminarios en nuestro hotel"}]},{"@type":"WebSite","@id":"https:\/\/luzgrandhotel.fr\/es\/#website","url":"https:\/\/luzgrandhotel.fr\/es\/","name":"Luz Grand Hotel","description":"","publisher":{"@id":"https:\/\/luzgrandhotel.fr\/es\/#organization"},"potentialAction":[{"@type":"SearchAction","target":{"@type":"EntryPoint","urlTemplate":"https:\/\/luzgrandhotel.fr\/es\/?s={search_term_string}"},"query-input":{"@type":"PropertyValueSpecification","valueRequired":true,"valueName":"search_term_string"}}],"inLanguage":"es"},{"@type":"Organization","@id":"https:\/\/luzgrandhotel.fr\/es\/#organization","name":"Luz Grand Hotel","url":"https:\/\/luzgrandhotel.fr\/es\/","logo":{"@type":"ImageObject","inLanguage":"es","@id":"https:\/\/luzgrandhotel.fr\/es\/#\/schema\/logo\/image\/","url":"https:\/\/luzgrandhotel.fr\/wp-content\/uploads\/2025\/04\/logo-grand-hotel-luz.svg","contentUrl":"https:\/\/luzgrandhotel.fr\/wp-content\/uploads\/2025\/04\/logo-grand-hotel-luz.svg","caption":"Luz Grand Hotel"},"image":{"@id":"https:\/\/luzgrandhotel.fr\/es\/#\/schema\/logo\/image\/"},"sameAs":["https:\/\/www.facebook.com\/luzgrandhotel\/"]}]}},"_links":{"self":[{"href":"https:\/\/luzgrandhotel.fr\/es\/wp-json\/wp\/v2\/pages\/3304","targetHints":{"allow":["GET"]}}],"collection":[{"href":"https:\/\/luzgrandhotel.fr\/es\/wp-json\/wp\/v2\/pages"}],"about":[{"href":"https:\/\/luzgrandhotel.fr\/es\/wp-json\/wp\/v2\/types\/page"}],"author":[{"embeddable":true,"href":"https:\/\/luzgrandhotel.fr\/es\/wp-json\/wp\/v2\/users\/1"}],"replies":[{"embeddable":true,"href":"https:\/\/luzgrandhotel.fr\/es\/wp-json\/wp\/v2\/comments?post=3304"}],"version-history":[{"count":14,"href":"https:\/\/luzgrandhotel.fr\/es\/wp-json\/wp\/v2\/pages\/3304\/revisions"}],"predecessor-version":[{"id":6719,"href":"https:\/\/luzgrandhotel.fr\/es\/wp-json\/wp\/v2\/pages\/3304\/revisions\/6719"}],"wp:attachment":[{"href":"https:\/\/luzgrandhotel.fr\/es\/wp-json\/wp\/v2\/media?parent=3304"}],"curies":[{"name":"wp","href":"https:\/\/api.w.org\/{rel}","templated":true}]}}