{"id":3314,"date":"2025-04-16T23:52:27","date_gmt":"2025-04-16T21:52:27","guid":{"rendered":"https:\/\/luzgrandhotel.fr\/reglamento-interno\/"},"modified":"2025-09-30T15:13:50","modified_gmt":"2025-09-30T13:13:50","slug":"reglamento-interno","status":"publish","type":"page","link":"https:\/\/luzgrandhotel.fr\/es\/reglamento-interno\/","title":{"rendered":"Reglamento interno"},"content":{"rendered":"\t\t<div data-elementor-type=\"wp-page\" data-elementor-id=\"3314\" class=\"elementor elementor-3314 elementor-90\" data-elementor-post-type=\"page\">\n\t\t\t\t<div class=\"elementor-element elementor-element-55f2c34 e-flex e-con-boxed e-con e-parent\" data-id=\"55f2c34\" data-element_type=\"container\" data-e-type=\"container\">\n\t\t\t\t\t<div class=\"e-con-inner\">\n\t\t<div class=\"elementor-element elementor-element-d66130c e-con-full e-flex e-con e-child\" data-id=\"d66130c\" data-element_type=\"container\" data-e-type=\"container\" data-settings=\"{&quot;background_background&quot;:&quot;classic&quot;,&quot;background_motion_fx_motion_fx_scrolling&quot;:&quot;yes&quot;,&quot;background_motion_fx_translateY_effect&quot;:&quot;yes&quot;,&quot;background_motion_fx_translateY_speed&quot;:{&quot;unit&quot;:&quot;px&quot;,&quot;size&quot;:4,&quot;sizes&quot;:[]},&quot;background_motion_fx_translateY_affectedRange&quot;:{&quot;unit&quot;:&quot;%&quot;,&quot;size&quot;:&quot;&quot;,&quot;sizes&quot;:{&quot;start&quot;:0,&quot;end&quot;:100}},&quot;background_motion_fx_devices&quot;:[&quot;desktop&quot;,&quot;tablet&quot;,&quot;mobile&quot;]}\">\n\t\t\t\t<\/div>\n\t\t\t\t<div class=\"elementor-element elementor-element-7565fe6 elementor-align-center elementor-widget elementor-widget-breadcrumbs\" data-id=\"7565fe6\" data-element_type=\"widget\" data-e-type=\"widget\" data-widget_type=\"breadcrumbs.default\">\n\t\t\t\t\t<p id=\"breadcrumbs\"><span><span><a href=\"https:\/\/luzgrandhotel.fr\/es\/inicio\/\">Inicio<\/a><\/span><\/span><\/p>\t\t\t\t<\/div>\n\t\t\t\t\t<\/div>\n\t\t\t\t<\/div>\n\t\t<div class=\"elementor-element elementor-element-44f1bc8 e-flex e-con-boxed elementor-invisible e-con e-parent\" data-id=\"44f1bc8\" data-element_type=\"container\" data-e-type=\"container\" data-settings=\"{&quot;animation&quot;:&quot;fadeIn&quot;}\">\n\t\t\t\t\t<div class=\"e-con-inner\">\n\t\t\t\t<div class=\"elementor-element elementor-element-baf5a3c elementor-invisible elementor-widget elementor-widget-text-editor\" data-id=\"baf5a3c\" data-element_type=\"widget\" data-e-type=\"widget\" data-settings=\"{&quot;_animation&quot;:&quot;slideInUp&quot;}\" data-widget_type=\"text-editor.default\">\n\t\t\t\t\t\t\t\t\t<h2>Pre\u00e1mbulo<\/h2><p>Este Reglamento est\u00e1 expuesto en todas las entradas del hotel. En recepci\u00f3n se puede consultar una copia en papel o digital (consulta flashcode). Por tanto, se considera que toda persona que entre en el hotel ha le\u00eddo y aceptado estas disposiciones.  <\/p><p>El Grand H\u00f4tel Thalasso &amp; Spa es un establecimiento privado abierto al p\u00fablico, que ofrece servicios de hotel de 5 estrellas, restaurante y SPA\/talasoterapia de lujo.<\/p><p>A efectos de estas normas, los siguientes t\u00e9rminos se definen del siguiente modo :<\/p><ul><li>\u00abHotel\u00bb: la entidad responsable de los Locales y que presta los servicios, y sus representantes (en particular, su personal).<\/li><li>\u00abLocales\u00bb: todos los locales que componen el hotel: locales, habitaciones, zonas comunes, locales reservados al personal.<\/li><li>\u00abZonas comunes\u00bb: todos los locales accesibles a cualquier Visitante, incluyendo en particular la recepci\u00f3n, la tienda, el spa, los ascensores, las escaleras, los pasillos de acceso, el restaurante, el bar y la terraza.<\/li><li>\u00abVisitante\u00bb: cualquier persona (transe\u00fante, proveedor de servicios del Hotel, Cliente, personal, etc.) que entre en el Local. Los menores deben ir acompa\u00f1ados de un adulto. <\/li><li>\u00abCliente\u00bb: toda persona que haya reservado un servicio con el Hotel y que sea admitida en el Local en calidad de tal.<\/li><\/ul><h2>Organizaci\u00f3n general<\/h2><p>Los locales est\u00e1n abiertos y son accesibles las 24 horas del d\u00eda.<\/p><p>El hotel puede, en cualquier momento, exigir a los Visitantes que cumplan ciertas medidas espec\u00edficas (restricci\u00f3n de acceso, uso de mascarillas, etc.) por motivos de seguridad o salud, incluso en ausencia de legislaci\u00f3n espec\u00edfica que imponga dichas medidas.<\/p><p>Los visitantes deben respetar las instalaciones y su equipamiento (mobiliario, elementos decorativos, etc.) e informar al Hotel de cualquier acto censurable (da\u00f1os, vandalismo, atentado contra las buenas costumbres, comportamiento indecente, etc.).<\/p><p>El uso de los Locales debe realizarse de forma que se preserve su tranquilidad y no se atente contra el orden p\u00fablico y la moralidad, lo que implica el cumplimiento de la normativa y excluye cualquier comportamiento agitado u ofensivo. En particular, est\u00e1 prohibido <\/p><ul><li>Fumar o vapear.<\/li><li>Vestir indecentemente.<\/li><li>Poseer, utilizar o consumir productos ilegales o peligrosos.<\/li><li>Incumplir las normas de uso indicadas por los pictogramas expuestos, en particular para los ascensores.<\/li><li>Sacar la basura de los contenedores.<\/li><li>Manifestarse, correr, gritar, bailar, cantar, causar alboroto, arrojar o dejar caer objetos, exhibir pancartas, colocar inscripciones, practicar juegos o actividades deportivas, desordenar los locales guardando cualquier cosa (bicicletas, paquetes, maletas, etc.). Por razones de seguridad, cualquier objeto sospechoso (abandonado, encadenado al mobiliario o de dudosa procedencia) podr\u00e1 ser secuestrado, o incluso da\u00f1ado y destruido, por cuenta y riesgo exclusivos de su depositante. <\/li><\/ul><p>Como norma general, los da\u00f1os causados por los infractores se cobrar\u00e1n al infractor.<\/p><p>Cualquier persona que contravenga las disposiciones de estas Normas podr\u00e1 ser invitada a abandonar el Local, sin que pueda reclamar da\u00f1os de ning\u00fan tipo.<\/p><h2>Zonas comunes<\/h2><div><p>Los visitantes que utilicen las Zonas Comunes est\u00e1n obligados a comportarse de forma razonable (no utilizar el tel\u00e9fono en modo altavoz, no correr, no gritar, re\u00f1ir ni armar alboroto de ning\u00fan tipo) y a vestir adecuadamente: en particular, est\u00e1 prohibido ir con el torso desnudo y los albornoces, cuando est\u00e9n permitidos, deben llevarse con ba\u00f1ador o ropa interior debajo.<\/p><p>No obstante, el Hotel se reserva el derecho a denegar el acceso a un visitante acompa\u00f1ado de un animal que pueda perturbar claramente la paz y la tranquilidad del establecimiento, o que sea peligroso y no lleve bozal.<\/p><p>Los visitantes de los locales por motivos profesionales (en particular los proveedores de servicios) deben comportarse con discreci\u00f3n para no perturbar la paz y la tranquilidad de los Locales y de los Clientes.<\/p><p>Est\u00e1 terminantemente prohibido que cualquier Visitante no autorizado acceda a las partes de los Locales reservadas al personal (aparcamientos, puertas cerradas o con el cartel \u00abs\u00f3lo para el personal\u00bb, etc.).<\/p><h3>Restaurante Aho Fina<\/h3><div><p>El restaurante est\u00e1 abierto a los visitantes de 7.30 a 10.30 para el desayuno, de 12.00 a 14.15 para el almuerzo y de 19.30 a 21.15 para la cena.<\/p><p>Los albornoces s\u00f3lo se pueden usar para el desayuno.<\/p><p>No se admiten animales.<\/p><p>De acuerdo con el C\u00f3digo de Consumo, el personal de los restaurantes puede negarse a servir a cualquier Visitante, especialmente alcohol, por una raz\u00f3n leg\u00edtima.<\/p><h3>Bar Le Clipper<\/h3><p>El bar est\u00e1 abierto a los visitantes de 11.00 a 23.30 h.<\/p><p>De acuerdo con el C\u00f3digo de Consumo, el personal del bar puede negarse a servir a cualquier Visitante, en particular alcohol, por una raz\u00f3n leg\u00edtima.<\/p><h3>Espacio Loreamar<\/h3><p>La zona de Loreamar incluye un spa\/zona de talasoterapia\/gimnasio y una piscina.<\/p><p>Est\u00e1 abierto a todos los clientes de 9 a 19 h, y de 13.30 a 17 h para los menores de 13 a\u00f1os.<\/p><p>Es obligatorio llevar albornoz y los mulos proporcionados. Adem\u00e1s, deben respetarse todas las normas de higiene y seguridad expuestas a la entrada de la zona de Loreamar. <\/p><p>Todos los dispositivos electr\u00f3nicos (tel\u00e9fonos, tabletas, etc.) deben estar apagados o en modo silencioso en esta zona. Se ponen taquillas a disposici\u00f3n de los clientes de la zona Loreamar y del hotel, que declina toda responsabilidad en caso de p\u00e9rdida o deterioro de objetos que no se hayan depositado en ellas. <\/p><p>No se admiten animales.<\/p><p>De acuerdo con el C\u00f3digo de Consumo, el personal puede rechazar o interrumpir cualquier servicio por un motivo leg\u00edtimo.<\/p><p>En particular, cualquier comportamiento inadecuado por parte de un Cliente, especialmente durante los tratamientos (masajes), dar\u00e1 lugar a la interrupci\u00f3n de los servicios y a la expulsi\u00f3n inmediata de los Locales. Los servicios interrumpidos de este modo no se reembolsar\u00e1n en ning\u00fan caso. <\/p><h3>Ascensores<\/h3><p>Los usuarios de ascensores deben respetar las capacidades m\u00e1ximas de peso indicadas en los ascensores. Tambi\u00e9n deben comportarse razonablemente (dar prioridad a las personas que no pueden utilizar las escaleras, no saltar, etc.). <\/p><p>Se abstendr\u00e1n de cometer cualquier tipo de da\u00f1o.<\/p><p>Los infractores cuyo comportamiento cause da\u00f1os ser\u00e1n responsables de cualquier reparaci\u00f3n.<\/p><h3>Aseos<\/h3><p>Hay aseos y lavabos a disposici\u00f3n de los visitantes.<\/p><p>Todos los Visitantes que utilicen los aseos deben dejarlos limpios. No deben da\u00f1arlos de ninguna manera ni comportarse de forma indecente u obscena. <\/p><p>Los infractores cuyo comportamiento cause da\u00f1os ser\u00e1n responsables de las reparaciones o arreglos necesarios.<\/p><h3>Habitaciones<\/h3><div><p>Las habitaciones se ponen a disposici\u00f3n de los clientes del servicio hotelero.<\/p><p>Se toleran mascotas bajo la supervisi\u00f3n de sus due\u00f1os. Los clientes se comprometen a dejar el cartel \u00abattention, j&#8217;accompagne mon ma\u00eetre\u00bb en el pomo de la puerta de su habitaci\u00f3n. No se podr\u00e1 reclamar al Hotel ninguna consecuencia de olvidar dejar este aviso (el animal se escapa, hay que reembolsar los da\u00f1os causados al Hotel, etc.).  <\/p><p>Todas las habitaciones son completamente para no fumadores.<\/p><p>Hay servicio de habitaciones. Los detalles de los servicios adicionales (servicio de habitaciones, minibar, lavander\u00eda) figuran en carteles o tarjetas colocados en la habitaci\u00f3n. Puedes llevarte art\u00edculos de consumo, pero se cobrar\u00e1 cualquier art\u00edculo que falte en la habitaci\u00f3n a la salida, incluido :  <\/p><ul><li>Albornoces,<\/li><li>Altavoz Bluetooth,<\/li><li>Copas y flautas de champ\u00e1n,<\/li><li>Almohadas.<\/li><\/ul><p>Los objetos de valor cuyo valor supere los 500 euros deben depositarse en la caja fuerte facilitada o confiarse a la recepci\u00f3n. La responsabilidad del Hotel en caso de robo de los mismos en la habitaci\u00f3n se limita a esta cantidad si no se ha depositado en la caja fuerte un objeto que supere esta cantidad.<\/p><p>Aunque no se aplican las normas relativas a las zonas comunes, los Clientes deben vestir decentemente cuando se relacionen con el personal, incluso en su habitaci\u00f3n (recepci\u00f3n del servicio de habitaciones, servicio de camareras, etc.).<\/p><p>Cualquier desperfecto en la habitaci\u00f3n, en particular el olor a humo o los da\u00f1os causados por un animal, se facturar\u00e1n al Cliente a raz\u00f3n de 250 euros, reserv\u00e1ndose el Hotel el derecho a exigir el reembolso de los gastos efectivamente realizados para restaurar la habitaci\u00f3n, si \u00e9stos superan dicha cantidad.<\/p><\/div><\/div><\/div>\t\t\t\t\t\t\t\t<\/div>\n\t\t\t\t\t<\/div>\n\t\t\t\t<\/div>\n\t\t\t\t<\/div>\n\t\t","protected":false},"excerpt":{"rendered":"<p>Pre\u00e1mbulo Este Reglamento est\u00e1 expuesto en todas las entradas del hotel. En recepci\u00f3n se puede consultar una copia en papel o digital (consulta flashcode). Por tanto, se considera que toda persona que entre en el hotel ha le\u00eddo y aceptado estas disposiciones. El Grand H\u00f4tel Thalasso &amp; Spa es un establecimiento privado abierto al p\u00fablico, [&hellip;]<\/p>\n","protected":false},"author":1,"featured_media":0,"parent":0,"menu_order":0,"comment_status":"closed","ping_status":"closed","template":"elementor_theme","meta":{"_acf_changed":false,"footnotes":""},"class_list":["post-3314","page","type-page","status-publish","hentry"],"acf":[],"yoast_head":"<!-- This site is optimized with the Yoast SEO plugin v27.1.1 - https:\/\/yoast.com\/product\/yoast-seo-wordpress\/ -->\n<title>Reglamento del Gran Hotel - Luz Grand Hotel<\/title>\n<meta name=\"description\" content=\"Lee las normas de la casa del Grand H\u00f4tel Thalasso &amp; Spa para una estancia tranquila y respetuosa en San Juan de Luz.\" \/>\n<meta name=\"robots\" content=\"index, follow, max-snippet:-1, max-image-preview:large, max-video-preview:-1\" \/>\n<link rel=\"canonical\" href=\"https:\/\/luzgrandhotel.fr\/es\/reglamento-interno\/\" \/>\n<meta property=\"og:locale\" content=\"es_ES\" \/>\n<meta property=\"og:type\" content=\"article\" \/>\n<meta property=\"og:title\" content=\"Reglamento del Gran Hotel - Luz Grand Hotel\" \/>\n<meta property=\"og:description\" content=\"Lee las normas de la casa del Grand H\u00f4tel Thalasso &amp; Spa para una estancia tranquila y respetuosa en San Juan de Luz.\" \/>\n<meta property=\"og:url\" content=\"https:\/\/luzgrandhotel.fr\/es\/reglamento-interno\/\" \/>\n<meta property=\"og:site_name\" content=\"Luz Grand Hotel\" \/>\n<meta property=\"article:publisher\" content=\"https:\/\/www.facebook.com\/luzgrandhotel\/\" \/>\n<meta property=\"article:modified_time\" content=\"2025-09-30T13:13:50+00:00\" \/>\n<meta name=\"twitter:card\" content=\"summary_large_image\" \/>\n<meta name=\"twitter:label1\" content=\"Tiempo de lectura\" \/>\n\t<meta name=\"twitter:data1\" content=\"7 minutos\" \/>\n<script type=\"application\/ld+json\" class=\"yoast-schema-graph\">{\"@context\":\"https:\/\/schema.org\",\"@graph\":[{\"@type\":\"WebPage\",\"@id\":\"https:\/\/luzgrandhotel.fr\/es\/reglamento-interno\/\",\"url\":\"https:\/\/luzgrandhotel.fr\/es\/reglamento-interno\/\",\"name\":\"Reglamento del Gran Hotel - Luz Grand Hotel\",\"isPartOf\":{\"@id\":\"https:\/\/luzgrandhotel.fr\/es\/#website\"},\"datePublished\":\"2025-04-16T21:52:27+00:00\",\"dateModified\":\"2025-09-30T13:13:50+00:00\",\"description\":\"Lee las normas de la casa del Grand H\u00f4tel Thalasso & Spa para una estancia tranquila y respetuosa en San Juan de Luz.\",\"breadcrumb\":{\"@id\":\"https:\/\/luzgrandhotel.fr\/es\/reglamento-interno\/#breadcrumb\"},\"inLanguage\":\"es\",\"potentialAction\":[{\"@type\":\"ReadAction\",\"target\":[\"https:\/\/luzgrandhotel.fr\/es\/reglamento-interno\/\"]}]},{\"@type\":\"BreadcrumbList\",\"@id\":\"https:\/\/luzgrandhotel.fr\/es\/reglamento-interno\/#breadcrumb\",\"itemListElement\":[{\"@type\":\"ListItem\",\"position\":1,\"name\":\"Inicio\",\"item\":\"https:\/\/luzgrandhotel.fr\/es\/inicio\/\"},{\"@type\":\"ListItem\",\"position\":2,\"name\":\"Reglamento interno\"}]},{\"@type\":\"WebSite\",\"@id\":\"https:\/\/luzgrandhotel.fr\/es\/#website\",\"url\":\"https:\/\/luzgrandhotel.fr\/es\/\",\"name\":\"Luz Grand Hotel\",\"description\":\"\",\"publisher\":{\"@id\":\"https:\/\/luzgrandhotel.fr\/es\/#organization\"},\"potentialAction\":[{\"@type\":\"SearchAction\",\"target\":{\"@type\":\"EntryPoint\",\"urlTemplate\":\"https:\/\/luzgrandhotel.fr\/es\/?s={search_term_string}\"},\"query-input\":{\"@type\":\"PropertyValueSpecification\",\"valueRequired\":true,\"valueName\":\"search_term_string\"}}],\"inLanguage\":\"es\"},{\"@type\":\"Organization\",\"@id\":\"https:\/\/luzgrandhotel.fr\/es\/#organization\",\"name\":\"Luz Grand Hotel\",\"url\":\"https:\/\/luzgrandhotel.fr\/es\/\",\"logo\":{\"@type\":\"ImageObject\",\"inLanguage\":\"es\",\"@id\":\"https:\/\/luzgrandhotel.fr\/es\/#\/schema\/logo\/image\/\",\"url\":\"https:\/\/luzgrandhotel.fr\/wp-content\/uploads\/2025\/04\/logo-grand-hotel-luz.svg\",\"contentUrl\":\"https:\/\/luzgrandhotel.fr\/wp-content\/uploads\/2025\/04\/logo-grand-hotel-luz.svg\",\"caption\":\"Luz Grand Hotel\"},\"image\":{\"@id\":\"https:\/\/luzgrandhotel.fr\/es\/#\/schema\/logo\/image\/\"},\"sameAs\":[\"https:\/\/www.facebook.com\/luzgrandhotel\/\"]}]}<\/script>\n<!-- \/ Yoast SEO plugin. -->","yoast_head_json":{"title":"Reglamento del Gran Hotel - Luz Grand Hotel","description":"Lee las normas de la casa del Grand H\u00f4tel Thalasso & Spa para una estancia tranquila y respetuosa en San Juan de Luz.","robots":{"index":"index","follow":"follow","max-snippet":"max-snippet:-1","max-image-preview":"max-image-preview:large","max-video-preview":"max-video-preview:-1"},"canonical":"https:\/\/luzgrandhotel.fr\/es\/reglamento-interno\/","og_locale":"es_ES","og_type":"article","og_title":"Reglamento del Gran Hotel - Luz Grand Hotel","og_description":"Lee las normas de la casa del Grand H\u00f4tel Thalasso & Spa para una estancia tranquila y respetuosa en San Juan de Luz.","og_url":"https:\/\/luzgrandhotel.fr\/es\/reglamento-interno\/","og_site_name":"Luz Grand Hotel","article_publisher":"https:\/\/www.facebook.com\/luzgrandhotel\/","article_modified_time":"2025-09-30T13:13:50+00:00","twitter_card":"summary_large_image","twitter_misc":{"Tiempo de lectura":"7 minutos"},"schema":{"@context":"https:\/\/schema.org","@graph":[{"@type":"WebPage","@id":"https:\/\/luzgrandhotel.fr\/es\/reglamento-interno\/","url":"https:\/\/luzgrandhotel.fr\/es\/reglamento-interno\/","name":"Reglamento del Gran Hotel - Luz Grand Hotel","isPartOf":{"@id":"https:\/\/luzgrandhotel.fr\/es\/#website"},"datePublished":"2025-04-16T21:52:27+00:00","dateModified":"2025-09-30T13:13:50+00:00","description":"Lee las normas de la casa del Grand H\u00f4tel Thalasso & Spa para una estancia tranquila y respetuosa en San Juan de Luz.","breadcrumb":{"@id":"https:\/\/luzgrandhotel.fr\/es\/reglamento-interno\/#breadcrumb"},"inLanguage":"es","potentialAction":[{"@type":"ReadAction","target":["https:\/\/luzgrandhotel.fr\/es\/reglamento-interno\/"]}]},{"@type":"BreadcrumbList","@id":"https:\/\/luzgrandhotel.fr\/es\/reglamento-interno\/#breadcrumb","itemListElement":[{"@type":"ListItem","position":1,"name":"Inicio","item":"https:\/\/luzgrandhotel.fr\/es\/inicio\/"},{"@type":"ListItem","position":2,"name":"Reglamento interno"}]},{"@type":"WebSite","@id":"https:\/\/luzgrandhotel.fr\/es\/#website","url":"https:\/\/luzgrandhotel.fr\/es\/","name":"Luz Grand Hotel","description":"","publisher":{"@id":"https:\/\/luzgrandhotel.fr\/es\/#organization"},"potentialAction":[{"@type":"SearchAction","target":{"@type":"EntryPoint","urlTemplate":"https:\/\/luzgrandhotel.fr\/es\/?s={search_term_string}"},"query-input":{"@type":"PropertyValueSpecification","valueRequired":true,"valueName":"search_term_string"}}],"inLanguage":"es"},{"@type":"Organization","@id":"https:\/\/luzgrandhotel.fr\/es\/#organization","name":"Luz Grand Hotel","url":"https:\/\/luzgrandhotel.fr\/es\/","logo":{"@type":"ImageObject","inLanguage":"es","@id":"https:\/\/luzgrandhotel.fr\/es\/#\/schema\/logo\/image\/","url":"https:\/\/luzgrandhotel.fr\/wp-content\/uploads\/2025\/04\/logo-grand-hotel-luz.svg","contentUrl":"https:\/\/luzgrandhotel.fr\/wp-content\/uploads\/2025\/04\/logo-grand-hotel-luz.svg","caption":"Luz Grand Hotel"},"image":{"@id":"https:\/\/luzgrandhotel.fr\/es\/#\/schema\/logo\/image\/"},"sameAs":["https:\/\/www.facebook.com\/luzgrandhotel\/"]}]}},"_links":{"self":[{"href":"https:\/\/luzgrandhotel.fr\/es\/wp-json\/wp\/v2\/pages\/3314","targetHints":{"allow":["GET"]}}],"collection":[{"href":"https:\/\/luzgrandhotel.fr\/es\/wp-json\/wp\/v2\/pages"}],"about":[{"href":"https:\/\/luzgrandhotel.fr\/es\/wp-json\/wp\/v2\/types\/page"}],"author":[{"embeddable":true,"href":"https:\/\/luzgrandhotel.fr\/es\/wp-json\/wp\/v2\/users\/1"}],"replies":[{"embeddable":true,"href":"https:\/\/luzgrandhotel.fr\/es\/wp-json\/wp\/v2\/comments?post=3314"}],"version-history":[{"count":6,"href":"https:\/\/luzgrandhotel.fr\/es\/wp-json\/wp\/v2\/pages\/3314\/revisions"}],"predecessor-version":[{"id":7038,"href":"https:\/\/luzgrandhotel.fr\/es\/wp-json\/wp\/v2\/pages\/3314\/revisions\/7038"}],"wp:attachment":[{"href":"https:\/\/luzgrandhotel.fr\/es\/wp-json\/wp\/v2\/media?parent=3314"}],"curies":[{"name":"wp","href":"https:\/\/api.w.org\/{rel}","templated":true}]}}